{"id":1378,"date":"2021-04-13T01:20:35","date_gmt":"2021-04-13T01:20:35","guid":{"rendered":"https:\/\/fightstars.eu.baltrusaicio.hostingas.lt\/lacznosc\/"},"modified":"2021-05-27T20:43:45","modified_gmt":"2021-05-27T20:43:45","slug":"lacznosc","status":"publish","type":"page","link":"https:\/\/fightstars.eu\/pl\/lacznosc\/","title":{"rendered":"\u0141\u0104CZNO\u015a\u0106"},"content":{"rendered":"<p>[et_pb_section fb_built=&#8221;1&#8243; _builder_version=&#8221;4.9.3&#8243; _module_preset=&#8221;default&#8221; custom_margin=&#8221;1%||||false|false&#8221; custom_padding=&#8221;0px|||||&#8221;][et_pb_row _builder_version=&#8221;4.9.3&#8243; _module_preset=&#8221;default&#8221; max_width=&#8221;80%&#8221; custom_padding=&#8221;||||false|false&#8221; custom_css_main_element=&#8221;width: 80% !important;&#8221;][et_pb_column type=&#8221;4_4&#8243; _builder_version=&#8221;4.9.0&#8243; _module_preset=&#8221;default&#8221;][et_pb_text _builder_version=&#8221;4.9.3&#8243; _module_preset=&#8221;default&#8221; header_2_font=&#8221;|700||on|||||&#8221; header_2_text_color=&#8221;#000000&#8243; header_2_font_size=&#8221;36px&#8221;]<\/p>\n<h2><strong>\u0141\u0105czno\u015b\u0107<\/strong><\/h2>\n<p>[\/et_pb_text][\/et_pb_column][\/et_pb_row][et_pb_row column_structure=&#8221;1_2,1_2&#8243; _builder_version=&#8221;4.9.3&#8243; _module_preset=&#8221;default&#8221; max_width=&#8221;80%&#8221;][et_pb_column type=&#8221;1_2&#8243; _builder_version=&#8221;4.9.0&#8243; _module_preset=&#8221;default&#8221;][et_pb_code _builder_version=&#8221;4.9.2&#8243; _module_preset=&#8221;default&#8221;]<div role=\"form\" class=\"wpcf7\" id=\"wpcf7-f3485-o1\" lang=\"pl-PL\" dir=\"ltr\">\n<div class=\"screen-reader-response\"><p role=\"status\" aria-live=\"polite\" aria-atomic=\"true\"><\/p> <ul><\/ul><\/div>\n<form action=\"\/pl\/wp-json\/wp\/v2\/pages\/1378#wpcf7-f3485-o1\" method=\"post\" class=\"wpcf7-form init\" novalidate=\"novalidate\" data-status=\"init\">\n<div style=\"display: none;\">\n<input type=\"hidden\" name=\"_wpcf7\" value=\"3485\" \/>\n<input type=\"hidden\" name=\"_wpcf7_version\" value=\"5.4.1\" \/>\n<input type=\"hidden\" name=\"_wpcf7_locale\" value=\"pl_PL\" \/>\n<input type=\"hidden\" name=\"_wpcf7_unit_tag\" value=\"wpcf7-f3485-o1\" \/>\n<input type=\"hidden\" name=\"_wpcf7_container_post\" value=\"0\" \/>\n<input type=\"hidden\" name=\"_wpcf7_posted_data_hash\" value=\"\" \/>\n<\/div>\n<div id=\"responsive-form\" class=\"clearfix\">\n<div class=\"form-row\">\n<div class=\"column-half\"><span class=\"wpcf7-form-control-wrap Firstname\"><input type=\"text\" name=\"Firstname\" value=\"\" size=\"40\" class=\"wpcf7-form-control wpcf7-text wpcf7-validates-as-required\" aria-required=\"true\" aria-invalid=\"false\" placeholder=\"Twoje imi\u0119\" \/><\/span><\/div>\n<div class=\"column-half\"><span class=\"wpcf7-form-control-wrap Lastname\"><input type=\"text\" name=\"Lastname\" value=\"\" size=\"40\" class=\"wpcf7-form-control wpcf7-text wpcf7-validates-as-required\" aria-required=\"true\" aria-invalid=\"false\" placeholder=\"Twoje nazwisko\" \/><\/span><\/div>\n<\/div>\n<div class=\"form-row\">\n<div class=\"column-full\"><span class=\"wpcf7-form-control-wrap Youremail\"><input type=\"email\" name=\"Youremail\" value=\"\" size=\"40\" class=\"wpcf7-form-control wpcf7-text wpcf7-email wpcf7-validates-as-email\" aria-invalid=\"false\" placeholder=\"Your email\" \/><\/span><\/div>\n<\/div>\n<div class=\"form-row\">\n<div class=\"column-full\"><span class=\"wpcf7-form-control-wrap message\"><textarea name=\"message\" cols=\"40\" rows=\"10\" class=\"wpcf7-form-control wpcf7-textarea wpcf7-validates-as-required\" aria-required=\"true\" aria-invalid=\"false\" placeholder=\"Wiadomo\u015b\u0107\"><\/textarea><\/span><\/div>\n<\/div>\n<div class=\"column-full\"><input type=\"submit\" value=\"SEND\" class=\"wpcf7-form-control wpcf7-submit\" \/><\/div>\n<\/div>\n<div class=\"wpcf7-response-output\" aria-hidden=\"true\"><\/div><\/form><\/div>[\/et_pb_code][\/et_pb_column][et_pb_column type=&#8221;1_2&#8243; _builder_version=&#8221;4.9.0&#8243; _module_preset=&#8221;default&#8221; custom_padding=&#8221;|||15%|false|false&#8221;][et_pb_blurb title=&#8221;Adres&#8221; icon_placement=&#8221;left&#8221; image_max_width=&#8221;18px&#8221; module_class=&#8221;contacts-address&#8221; _builder_version=&#8221;4.9.3&#8243; _module_preset=&#8221;default&#8221; header_font=&#8221;Roboto Condensed|700||on|||||&#8221; header_text_color=&#8221;#000000&#8243; body_font=&#8221;Noto Sans||||||||&#8221; body_text_color=&#8221;#666666&#8243; custom_margin=&#8221;||||false|false&#8221;]<\/p>\n<p>Savanori\u0173 pr. 13A, Wilno, Litwa<\/p>\n<p>[\/et_pb_blurb][et_pb_blurb title=&#8221;Porozmawiajmy&#8221; icon_placement=&#8221;left&#8221; image_max_width=&#8221;18px&#8221; module_class=&#8221;contact-phone&#8221; _builder_version=&#8221;4.9.3&#8243; _module_preset=&#8221;default&#8221; header_font=&#8221;Roboto Condensed|700||on|||||&#8221; header_text_color=&#8221;#000000&#8243; body_font=&#8221;Noto Sans||||||||&#8221; body_text_color=&#8221;#000000&#8243;]<a href=\"tel:+370%20611%2044%20437\" class=\"active-links\">+370 611 44 437<\/a><br \/>\n<a href=\"tel:+370%20653%2038%20172\" class=\"active-links\">+370 653 38 172<\/a>[\/et_pb_blurb][et_pb_blurb title=&#8221;Og\u00f3lne wsparcie&#8221; icon_placement=&#8221;left&#8221; image_max_width=&#8221;18px&#8221; module_class=&#8221;contact-email&#8221; _builder_version=&#8221;4.9.3&#8243; _module_preset=&#8221;default&#8221; header_font=&#8221;Roboto Condensed|700||on|||||&#8221; header_text_color=&#8221;#000000&#8243; body_font=&#8221;Noto Sans||||||||&#8221; body_text_color=&#8221;#000000&#8243; hover_enabled=&#8221;0&#8243; sticky_enabled=&#8221;0&#8243;]<a href=\"mailto:%20info@fighstars.eu\" class=\"active-links\">info@fightstars.eu<\/a>[\/et_pb_blurb][\/et_pb_column][\/et_pb_row][\/et_pb_section][et_pb_section fb_built=&#8221;1&#8243; _builder_version=&#8221;4.9.0&#8243; _module_preset=&#8221;default&#8221; custom_padding=&#8221;0px|||||&#8221;][et_pb_row _builder_version=&#8221;4.9.0&#8243; _module_preset=&#8221;default&#8221; width=&#8221;100%&#8221; max_width=&#8221;100%&#8221;][et_pb_column type=&#8221;4_4&#8243; _builder_version=&#8221;4.9.0&#8243; _module_preset=&#8221;default&#8221;][et_pb_code _builder_version=&#8221;4.9.0&#8243; _module_preset=&#8221;default&#8221;]<iframe src=\"https:\/\/www.google.com\/maps\/embed?pb=!1m18!1m12!1m3!1d2306.885985567492!2d25.250030115765448!3d54.67643508195192!2m3!1f0!2f0!3f0!3m2!1i1024!2i768!4f13.1!3m3!1m2!1s0x46dd94768aebc133%3A0xcda3fc569fab8566!2sSavanori%C5%B3%20pr.%2013A%2C%20Vilnius%2003116!5e0!3m2!1slt!2slt!4v1615321060433!5m2!1slt!2slt\" width=\"100%\" height=\"450\" style=\"border:0;\" allowfullscreen=\"\" loading=\"lazy\"><\/iframe>[\/et_pb_code][\/et_pb_column][\/et_pb_row][\/et_pb_section]<\/p>\n","protected":false},"excerpt":{"rendered":"<p>[et_pb_section fb_built=&#8221;1&#8243; _builder_version=&#8221;4.9.3&#8243; _module_preset=&#8221;default&#8221; custom_margin=&#8221;1%||||false|false&#8221; custom_padding=&#8221;0px|||||&#8221;][et_pb_row _builder_version=&#8221;4.9.3&#8243; _module_preset=&#8221;default&#8221; max_width=&#8221;80%&#8221; custom_padding=&#8221;||||false|false&#8221; custom_css_main_element=&#8221;width: 80% !important;&#8221;][et_pb_column type=&#8221;4_4&#8243; _builder_version=&#8221;4.9.0&#8243; _module_preset=&#8221;default&#8221;][et_pb_text _builder_version=&#8221;4.9.3&#8243; _module_preset=&#8221;default&#8221; header_2_font=&#8221;|700||on|||||&#8221; header_2_text_color=&#8221;#000000&#8243; header_2_font_size=&#8221;36px&#8221;] \u0141\u0105czno\u015b\u0107 [\/et_pb_text][\/et_pb_column][\/et_pb_row][et_pb_row column_structure=&#8221;1_2,1_2&#8243; _builder_version=&#8221;4.9.3&#8243; _module_preset=&#8221;default&#8221; max_width=&#8221;80%&#8221;][et_pb_column type=&#8221;1_2&#8243; _builder_version=&#8221;4.9.0&#8243; _module_preset=&#8221;default&#8221;][et_pb_code _builder_version=&#8221;4.9.2&#8243; _module_preset=&#8221;default&#8221;][\/et_pb_code][\/et_pb_column][et_pb_column type=&#8221;1_2&#8243; _builder_version=&#8221;4.9.0&#8243; _module_preset=&#8221;default&#8221; custom_padding=&#8221;|||15%|false|false&#8221;][et_pb_blurb title=&#8221;Adres&#8221; icon_placement=&#8221;left&#8221; image_max_width=&#8221;18px&#8221; module_class=&#8221;contacts-address&#8221; _builder_version=&#8221;4.9.3&#8243; _module_preset=&#8221;default&#8221; header_font=&#8221;Roboto Condensed|700||on|||||&#8221; header_text_color=&#8221;#000000&#8243; body_font=&#8221;Noto Sans||||||||&#8221; body_text_color=&#8221;#666666&#8243; custom_margin=&#8221;||||false|false&#8221;] Savanori\u0173 pr. 13A, Wilno, Litwa [\/et_pb_blurb][et_pb_blurb [&hellip;]<\/p>\n","protected":false},"author":1,"featured_media":0,"parent":0,"menu_order":0,"comment_status":"closed","ping_status":"closed","template":"","meta":{"_et_pb_use_builder":"on","_et_pb_old_content":"","_et_gb_content_width":"","footnotes":""},"class_list":["post-1378","page","type-page","status-publish","hentry"],"_links":{"self":[{"href":"https:\/\/fightstars.eu\/pl\/wp-json\/wp\/v2\/pages\/1378","targetHints":{"allow":["GET"]}}],"collection":[{"href":"https:\/\/fightstars.eu\/pl\/wp-json\/wp\/v2\/pages"}],"about":[{"href":"https:\/\/fightstars.eu\/pl\/wp-json\/wp\/v2\/types\/page"}],"author":[{"embeddable":true,"href":"https:\/\/fightstars.eu\/pl\/wp-json\/wp\/v2\/users\/1"}],"replies":[{"embeddable":true,"href":"https:\/\/fightstars.eu\/pl\/wp-json\/wp\/v2\/comments?post=1378"}],"version-history":[{"count":15,"href":"https:\/\/fightstars.eu\/pl\/wp-json\/wp\/v2\/pages\/1378\/revisions"}],"predecessor-version":[{"id":7383,"href":"https:\/\/fightstars.eu\/pl\/wp-json\/wp\/v2\/pages\/1378\/revisions\/7383"}],"wp:attachment":[{"href":"https:\/\/fightstars.eu\/pl\/wp-json\/wp\/v2\/media?parent=1378"}],"curies":[{"name":"wp","href":"https:\/\/api.w.org\/{rel}","templated":true}]}}